{"id":304,"date":"2022-01-04T13:14:08","date_gmt":"2022-01-04T13:14:08","guid":{"rendered":"https:\/\/www.yawei.de\/?page_id=304"},"modified":"2022-01-05T11:56:07","modified_gmt":"2022-01-05T11:56:07","slug":"teluro","status":"publish","type":"page","link":"https:\/\/www.yawei.de\/","title":{"rendered":"Front Page"},"content":{"rendered":"<div data-colibri-id=\"304-c1\" class=\"style-194 style-local-304-c1 position-relative\">\n  <!---->\n  <div data-colibri-component=\"section\" data-colibri-id=\"304-c2\" id=\"custom\" class=\"h-section h-section-global-spacing d-flex align-items-lg-center align-items-md-center align-items-center style-195 style-local-304-c2 position-relative\">\n    <!---->\n    <!---->\n    <div class=\"h-section-grid-container h-section-boxed-container\">\n      <!---->\n      <div data-colibri-id=\"304-c3\" class=\"h-row-container gutters-row-lg-2 gutters-row-md-2 gutters-row-0 gutters-row-v-lg-2 gutters-row-v-md-2 gutters-row-v-2 style-209 style-local-304-c3 position-relative\">\n        <!---->\n        <div class=\"h-row justify-content-lg-center justify-content-md-center justify-content-center align-items-lg-stretch align-items-md-stretch align-items-stretch gutters-col-lg-2 gutters-col-md-2 gutters-col-0 gutters-col-v-lg-2 gutters-col-v-md-2 gutters-col-v-2\">\n          <!---->\n          <div class=\"h-column h-column-container d-flex h-col-lg-auto h-col-md-auto h-col-auto style-210-outer style-local-304-c4-outer\">\n            <div data-colibri-id=\"304-c4\" class=\"d-flex h-flex-basis h-column__inner h-px-lg-2 h-px-md-2 h-px-2 v-inner-lg-2 v-inner-md-2 v-inner-2 style-210 style-local-304-c4 position-relative\">\n              <!---->\n              <!---->\n              <div class=\"w-100 h-y-container h-column__content h-column__v-align flex-basis-100 align-self-lg-start align-self-md-start align-self-start\">\n                <!---->\n                <div data-colibri-id=\"304-c5\" class=\"h-global-transition-all h-heading style-208 style-local-304-c5 position-relative h-element\">\n                  <!---->\n                  <div class=\"h-heading__outer style-208 style-local-304-c5\">\n                    <!---->\n                    <!---->\n                    <h3 class=\"\">Diese Seite wird momentan aktualisiert. Wir sind bald f\u00fcr Sie zur\u00fcck.<\/h3>\n                  <\/div>\n                <\/div>\n              <\/div>\n            <\/div>\n          <\/div>\n        <\/div>\n      <\/div>\n      <div data-colibri-id=\"304-c6\" class=\"h-row-container gutters-row-lg-2 gutters-row-md-2 gutters-row-0 gutters-row-v-lg-2 gutters-row-v-md-2 gutters-row-v-2 style-201 style-local-304-c6 position-relative\">\n        <!---->\n        <div class=\"h-row justify-content-lg-center justify-content-md-center justify-content-center align-items-lg-stretch align-items-md-stretch align-items-stretch gutters-col-lg-2 gutters-col-md-2 gutters-col-0 gutters-col-v-lg-2 gutters-col-v-md-2 gutters-col-v-2\">\n          <!---->\n          <div class=\"h-column h-column-container d-flex h-col-lg-auto h-col-md-auto h-col-auto style-202-outer style-local-304-c7-outer\">\n            <div data-colibri-id=\"304-c7\" class=\"d-flex h-flex-basis h-column__inner h-px-lg-2 h-px-md-2 h-px-2 v-inner-lg-2 v-inner-md-2 v-inner-2 style-202 style-local-304-c7 position-relative\">\n              <!---->\n              <!---->\n              <div class=\"w-100 h-y-container h-column__content h-column__v-align flex-basis-100 align-self-lg-start align-self-md-start align-self-start\">\n                <!---->\n                <div data-colibri-id=\"304-c8\" class=\"d-block style-203 style-local-304-c8 position-relative h-element\">\n                  <!---->\n                  <div class=\"h-image__frame-container-outer\">\n                    <div class=\"h-image__frame-container\">\n                      <!---->\n                      <!---->\n                      <img loading=\"lazy\" decoding=\"async\" width=\"255\" height=\"111\" src=\"https:\/\/www.yawei.de\/wp-content\/uploads\/2022\/01\/yawei_logo.jpg\" class=\"wp-image-12 style-203-image style-local-304-c8-image\" alt=\"\" \/>\n                      <div class=\"h-image__frame h-hide-lg h-hide-md h-hide-sm style-203-frameImage style-local-304-c8-frameImage\"><\/div>\n                    <\/div>\n                  <\/div>\n                <\/div>\n              <\/div>\n            <\/div>\n          <\/div>\n          <div class=\"h-column h-column-container d-flex h-col-lg-auto h-col-md-auto h-col-auto style-204-outer style-local-304-c9-outer\">\n            <div data-colibri-id=\"304-c9\" class=\"d-flex h-flex-basis h-column__inner h-px-lg-2 h-px-md-2 h-px-2 v-inner-lg-2 v-inner-md-2 v-inner-2 style-204 style-local-304-c9 position-relative\">\n              <!---->\n              <!---->\n              <div class=\"w-100 h-y-container h-column__content h-column__v-align flex-basis-100 align-self-lg-end align-self-md-end align-self-end\">\n                <!---->\n                <div data-colibri-id=\"304-c10\" class=\"h-text h-text-component style-205 style-local-304-c10 position-relative h-element\">\n                  <!---->\n                  <!---->\n                  <div class=\"\">\n                    <p>YAWEI Machine Tool Europe<\/p>\n                    <p>Asiens gr\u00f6\u00dfter Hersteller blechbearbeitender Maschinen\n                      <br>\n                    <\/p>\n                  <\/div>\n                <\/div>\n              <\/div>\n            <\/div>\n          <\/div>\n        <\/div>\n      <\/div>\n    <\/div>\n  <\/div>\n  <div data-colibri-component=\"section\" data-colibri-id=\"304-c11\" id=\"about\" class=\"h-section h-section-global-spacing d-flex align-items-lg-center align-items-md-center align-items-center style-218 style-local-304-c11 position-relative\">\n    <!---->\n    <!---->\n    <div class=\"h-section-grid-container h-section-boxed-container\">\n      <!---->\n      <div data-colibri-id=\"304-c12\" class=\"h-row-container gutters-row-lg-0 gutters-row-md-0 gutters-row-0 gutters-row-v-lg-0 gutters-row-v-md-0 gutters-row-v-0 style-219 style-local-304-c12 position-relative\">\n        <!---->\n        <div class=\"h-row justify-content-lg-center justify-content-md-center justify-content-center align-items-lg-stretch align-items-md-stretch align-items-stretch gutters-col-lg-0 gutters-col-md-0 gutters-col-0 gutters-col-v-lg-0 gutters-col-v-md-0 gutters-col-v-0\">\n          <!---->\n          <div class=\"h-column h-column-container d-flex h-col-lg-auto h-col-md-auto h-col-auto style-220-outer style-local-304-c13-outer\">\n            <div data-colibri-id=\"304-c13\" class=\"d-flex h-flex-basis h-column__inner h-ui-empty-state-container h-px-lg-0 h-px-md-0 h-px-0 v-inner-lg-0 v-inner-md-0 v-inner-0 style-220 style-local-304-c13 position-relative\">\n              <!---->\n              <!---->\n              <div class=\"w-100 h-y-container h-column__content h-column__v-align flex-basis-100\">\n                <!---->\n              <\/div>\n            <\/div>\n          <\/div>\n          <div class=\"h-column h-column-container d-flex h-col-lg-auto h-col-md-auto h-col-auto style-221-outer style-local-304-c14-outer\">\n            <div data-colibri-id=\"304-c14\" class=\"d-flex h-flex-basis h-column__inner h-px-lg-2 h-px-md-2 h-px-2 v-inner-lg-2 v-inner-md-2 v-inner-2 style-221 style-local-304-c14 position-relative\">\n              <!---->\n              <!---->\n              <div class=\"w-100 h-y-container h-column__content h-column__v-align flex-basis-100 align-self-lg-start align-self-md-start align-self-start\">\n                <!---->\n                <div data-colibri-id=\"304-c15\" class=\"h-global-transition-all h-heading style-222 style-local-304-c15 position-relative h-element\">\n                  <!---->\n                  <div class=\"h-heading__outer style-222 style-local-304-c15\">\n                    <!---->\n                    <!---->\n                    <h4 class=\"\">Kontakt<\/h4>\n                  <\/div>\n                <\/div>\n                <div data-colibri-id=\"304-c16\" class=\"h-global-transition-all h-heading style-223 style-local-304-c16 position-relative h-element\">\n                  <!---->\n                  <div class=\"h-heading__outer style-223 style-local-304-c16\">\n                    <!---->\n                    <!---->\n                    <h6 class=\"\">F\u00fcr alle Fragen steht Ihnen unser exklusiver Partner<\/h6>\n                  <\/div>\n                <\/div>\n                <div data-colibri-id=\"304-c17\" class=\"h-global-transition-all h-heading style-226 style-local-304-c17 position-relative h-element\">\n                  <!---->\n                  <div class=\"h-heading__outer style-226 style-local-304-c17\">\n                    <!---->\n                    <!---->\n                    <h4 class=\"\">H+S Maschinentechnik GmbH &amp; Co. KG<\/h4>\n                  <\/div>\n                <\/div>\n                <div data-colibri-id=\"304-c18\" class=\"h-text h-text-component style-224 style-local-304-c18 position-relative h-element\">\n                  <!---->\n                  <!---->\n                  <div class=\"\">\n                    <p>Kranichborner Str. 3<\/p>\n                    <p>99195 Gro\u00dfrudestedt<\/p>\n                    <p>Deutschland<\/p>\n                    <p>Tel: +49 (0) 36204 7100-0<\/p>\n                    <p>Fax: +49 (0) 36204 7100-11<\/p>\n                    <p>Email: info@hs-maschinentechnik.de<\/p>\n                    <p>Web: www.hs-maschinentechnik.de<\/p>\n                  <\/div>\n                <\/div>\n                <div data-colibri-id=\"304-c19\" class=\"h-global-transition-all h-heading style-225 style-local-304-c19 position-relative h-element\">\n                  <!---->\n                  <div class=\"h-heading__outer style-225 style-local-304-c19\">\n                    <!---->\n                    <!---->\n                    <h6 class=\"\">zur Verf\u00fcgung.<\/h6>\n                  <\/div>\n                <\/div>\n              <\/div>\n            <\/div>\n          <\/div>\n        <\/div>\n      <\/div>\n    <\/div>\n  <\/div>\n<\/div>","protected":false},"excerpt":{"rendered":"<p>Diese Seite wird momentan aktualisiert. Wir sind bald f\u00fcr Sie zur\u00fcck. YAWEI Machine Tool Europe Asiens gr\u00f6\u00dfter Hersteller blechbearbeitender Maschinen Kontakt F\u00fcr alle Fragen steht Ihnen unser exklusiver Partner H+S [&hellip;]<\/p>\n","protected":false},"author":1,"featured_media":0,"parent":0,"menu_order":0,"comment_status":"closed","ping_status":"closed","template":"page-templates\/homepage.php","meta":{"footnotes":""},"class_list":["post-304","page","type-page","status-publish","hentry"],"_links":{"self":[{"href":"https:\/\/www.yawei.de\/index.php?rest_route=\/wp\/v2\/pages\/304","targetHints":{"allow":["GET"]}}],"collection":[{"href":"https:\/\/www.yawei.de\/index.php?rest_route=\/wp\/v2\/pages"}],"about":[{"href":"https:\/\/www.yawei.de\/index.php?rest_route=\/wp\/v2\/types\/page"}],"author":[{"embeddable":true,"href":"https:\/\/www.yawei.de\/index.php?rest_route=\/wp\/v2\/users\/1"}],"replies":[{"embeddable":true,"href":"https:\/\/www.yawei.de\/index.php?rest_route=%2Fwp%2Fv2%2Fcomments&post=304"}],"version-history":[{"count":15,"href":"https:\/\/www.yawei.de\/index.php?rest_route=\/wp\/v2\/pages\/304\/revisions"}],"predecessor-version":[{"id":521,"href":"https:\/\/www.yawei.de\/index.php?rest_route=\/wp\/v2\/pages\/304\/revisions\/521"}],"wp:attachment":[{"href":"https:\/\/www.yawei.de\/index.php?rest_route=%2Fwp%2Fv2%2Fmedia&parent=304"}],"curies":[{"name":"wp","href":"https:\/\/api.w.org\/{rel}","templated":true}]}}